{"id":403,"date":"2019-06-10T13:46:03","date_gmt":"2019-06-10T13:46:03","guid":{"rendered":"http:\/\/localhost\/execoore\/?page_id=403"},"modified":"2023-12-07T18:40:06","modified_gmt":"2023-12-07T21:40:06","slug":"contato","status":"publish","type":"page","link":"https:\/\/dgs.tec.br\/index.php\/contato\/","title":{"rendered":"Contato"},"content":{"rendered":"<p>{&#8220;main-title&#8221;:{&#8220;component&#8221;:&#8221;hc_title&#8221;,&#8221;id&#8221;:&#8221;main-title&#8221;,&#8221;title&#8221;:&#8221;&#8221;,&#8221;subtitle&#8221;:&#8221;&#8221;,&#8221;title_content&#8221;:{&#8220;component&#8221;:&#8221;hc_title_empty&#8221;,&#8221;id&#8221;:&#8221;title-empty&#8221;}},&#8221;section_5ZtkF&#8221;:{&#8220;component&#8221;:&#8221;hc_section&#8221;,&#8221;id&#8221;:&#8221;section_5ZtkF&#8221;,&#8221;section_width&#8221;:&#8221;&#8221;,&#8221;animation&#8221;:&#8221;&#8221;,&#8221;animation_time&#8221;:&#8221;&#8221;,&#8221;timeline_animation&#8221;:&#8221;&#8221;,&#8221;timeline_delay&#8221;:&#8221;&#8221;,&#8221;timeline_order&#8221;:&#8221;&#8221;,&#8221;vertical_row&#8221;:&#8221;&#8221;,&#8221;css_classes&#8221;:&#8221;&#8221;,&#8221;custom_css_classes&#8221;:&#8221;&#8221;,&#8221;custom_css_styles&#8221;:&#8221;&#8221;,&#8221;section_content&#8221;:[{&#8220;component&#8221;:&#8221;hc_column&#8221;,&#8221;id&#8221;:&#8221;column_2RpkL&#8221;,&#8221;column_width&#8221;:&#8221;col-md-12&#8243;,&#8221;animation&#8221;:&#8221;&#8221;,&#8221;animation_time&#8221;:&#8221;&#8221;,&#8221;timeline_animation&#8221;:&#8221;&#8221;,&#8221;timeline_delay&#8221;:&#8221;&#8221;,&#8221;timeline_order&#8221;:&#8221;&#8221;,&#8221;css_classes&#8221;:&#8221;&#8221;,&#8221;custom_css_classes&#8221;:&#8221;&#8221;,&#8221;custom_css_styles&#8221;:&#8221;&#8221;,&#8221;main_content&#8221;:[{&#8220;component&#8221;:&#8221;hc_space&#8221;,&#8221;id&#8221;:&#8221;OGChn&#8221;,&#8221;css_classes&#8221;:&#8221;&#8221;,&#8221;custom_css_classes&#8221;:&#8221;&#8221;,&#8221;custom_css_styles&#8221;:&#8221;&#8221;,&#8221;size&#8221;:&#8221;space-lg&#8221;,&#8221;height&#8221;:&#8221;&#8221;}]},{&#8220;component&#8221;:&#8221;hc_column&#8221;,&#8221;id&#8221;:&#8221;r1C2z&#8221;,&#8221;column_width&#8221;:&#8221;col-md-8&#8243;,&#8221;animation&#8221;:&#8221;&#8221;,&#8221;animation_time&#8221;:&#8221;&#8221;,&#8221;timeline_animation&#8221;:&#8221;&#8221;,&#8221;timeline_delay&#8221;:&#8221;&#8221;,&#8221;timeline_order&#8221;:&#8221;&#8221;,&#8221;css_classes&#8221;:&#8221;&#8221;,&#8221;custom_css_classes&#8221;:&#8221;&#8221;,&#8221;custom_css_styles&#8221;:&#8221;&#8221;,&#8221;main_content&#8221;:[{&#8220;component&#8221;:&#8221;hc_subtitle&#8221;,&#8221;id&#8221;:&#8221;kdADz&#8221;,&#8221;css_classes&#8221;:&#8221;&#8221;,&#8221;custom_css_classes&#8221;:&#8221;&#8221;,&#8221;custom_css_styles&#8221;:&#8221;&#8221;,&#8221;title&#8221;:&#8221;Envie sua d\u00favida&#8221;,&#8221;subtitle&#8221;:&#8221;Contato&#8221;,&#8221;alignment&#8221;:&#8221;&#8221;},{&#8220;component&#8221;:&#8221;hc_space&#8221;,&#8221;id&#8221;:&#8221;MeZgS&#8221;,&#8221;css_classes&#8221;:&#8221;hidden-md &#8220;,&#8221;custom_css_classes&#8221;:&#8221;&#8221;,&#8221;custom_css_styles&#8221;:&#8221;&#8221;,&#8221;size&#8221;:&#8221;space-xs&#8221;,&#8221;height&#8221;:&#8221;&#8221;},{&#8220;component&#8221;:&#8221;hc_contact_form&#8221;,&#8221;id&#8221;:&#8221;2KP9v&#8221;,&#8221;css_classes&#8221;:&#8221;&#8221;,&#8221;custom_css_classes&#8221;:&#8221;&#8221;,&#8221;custom_css_styles&#8221;:&#8221;&#8221;,&#8221;rows&#8221;:[{&#8220;component&#8221;:&#8221;repeater_item&#8221;,&#8221;id&#8221;:&#8221;VETNB&#8221;,&#8221;input_type&#8221;:&#8221;text&#8221;,&#8221;column&#8221;:&#8221;col-lg-6&#8243;,&#8221;required&#8221;:true,&#8221;text&#8221;:&#8221;Nome&#8221;},{&#8220;component&#8221;:&#8221;repeater_item&#8221;,&#8221;id&#8221;:&#8221;M33eq&#8221;,&#8221;input_type&#8221;:&#8221;email&#8221;,&#8221;column&#8221;:&#8221;col-lg-6&#8243;,&#8221;required&#8221;:true,&#8221;text&#8221;:&#8221;Email&#8221;},{&#8220;component&#8221;:&#8221;repeater_item&#8221;,&#8221;id&#8221;:&#8221;N1g5C&#8221;,&#8221;input_type&#8221;:&#8221;text&#8221;,&#8221;column&#8221;:&#8221;col-lg-12&#8243;,&#8221;required&#8221;:true,&#8221;text&#8221;:&#8221;Mensagem&#8221;},{&#8220;component&#8221;:&#8221;repeater_item&#8221;,&#8221;id&#8221;:&#8221;yorqF&#8221;,&#8221;input_type&#8221;:&#8221;text&#8221;,&#8221;column&#8221;:&#8221;col-lg-12&#8243;,&#8221;required&#8221;:false,&#8221;text&#8221;:&#8221;&#8221;}],&#8221;recipient_email&#8221;:&#8221;contato@dgs.tec.br&#8221;,&#8221;subject&#8221;:&#8221;Contato Site&#8221;,&#8221;label&#8221;:true,&#8221;placeholder&#8221;:false,&#8221;checkbox&#8221;:&#8221;   Voc\u00ea aceita os termos de servi\u00e7o e a pol\u00edtica de privacidade&#8221;,&#8221;button_position&#8221;:&#8221;left&#8221;,&#8221;success_message&#8221;:&#8221; Parab\u00e9ns. Sua mensagem foi enviada com sucesso.&#8221;,&#8221;error_message&#8221;:&#8221;Erro, tente novamente. Sua mensagem n\u00e3o foi enviada.&#8221;,&#8221;button_text&#8221;:&#8221;ENVIAR&#8221;,&#8221;button_style&#8221;:&#8221;square&#8221;,&#8221;button_dimensions&#8221;:&#8221;btn-xs&#8221;,&#8221;button_animation&#8221;:true,&#8221;button_icon&#8221;:&#8221;&#8221;}]},{&#8220;component&#8221;:&#8221;hc_column&#8221;,&#8221;id&#8221;:&#8221;column_FADjl&#8221;,&#8221;column_width&#8221;:&#8221;col-md-4&#8243;,&#8221;animation&#8221;:&#8221;&#8221;,&#8221;animation_time&#8221;:&#8221;&#8221;,&#8221;timeline_animation&#8221;:&#8221;&#8221;,&#8221;timeline_delay&#8221;:&#8221;&#8221;,&#8221;timeline_order&#8221;:&#8221;&#8221;,&#8221;css_classes&#8221;:&#8221;&#8221;,&#8221;custom_css_classes&#8221;:&#8221;&#8221;,&#8221;custom_css_styles&#8221;:&#8221;&#8221;,&#8221;main_content&#8221;:[{&#8220;component&#8221;:&#8221;hc_space&#8221;,&#8221;id&#8221;:&#8221;M8kxU&#8221;,&#8221;css_classes&#8221;:&#8221;visible-md &#8220;,&#8221;custom_css_classes&#8221;:&#8221;&#8221;,&#8221;custom_css_styles&#8221;:&#8221;&#8221;,&#8221;size&#8221;:&#8221;space&#8221;,&#8221;height&#8221;:&#8221;&#8221;},{&#8220;component&#8221;:&#8221;hc_subtitle&#8221;,&#8221;id&#8221;:&#8221;e2WbG&#8221;,&#8221;css_classes&#8221;:&#8221;&#8221;,&#8221;custom_css_classes&#8221;:&#8221;&#8221;,&#8221;custom_css_styles&#8221;:&#8221;&#8221;,&#8221;title&#8221;:&#8221;Contatos&#8221;,&#8221;subtitle&#8221;:&#8221;Informa\u00e7\u00f5es&#8221;,&#8221;alignment&#8221;:&#8221;&#8221;},{&#8220;component&#8221;:&#8221;hc_text_block&#8221;,&#8221;id&#8221;:&#8221;TSyCX&#8221;,&#8221;css_classes&#8221;:&#8221;&#8221;,&#8221;custom_css_classes&#8221;:&#8221;&#8221;,&#8221;custom_css_styles&#8221;:&#8221;&#8221;,&#8221;content&#8221;:&#8221;Se preferir clique <a href=\\\"https:\/\/wa.me\/message\/57N5CLDTOANAB1?src=qr\\\" target=\\\"_blank\\\">AQUI<\/a> e fale diretamente pelo whatsapp.&#8221;},{&#8220;component&#8221;:&#8221;hc_text_list&#8221;,&#8221;id&#8221;:&#8221;ecncL&#8221;,&#8221;css_classes&#8221;:&#8221;&#8221;,&#8221;custom_css_classes&#8221;:&#8221;&#8221;,&#8221;custom_css_styles&#8221;:&#8221;&#8221;,&#8221;rows&#8221;:[{&#8220;component&#8221;:&#8221;repeater_item&#8221;,&#8221;id&#8221;:&#8221;r0oWX&#8221;,&#8221;image_link&#8221;:&#8221;&#8221;,&#8221;title&#8221;:&#8221;&#8221;,&#8221;subtitle&#8221;:&#8221;&#8221;,&#8221;extra&#8221;:&#8221;&#8221;},{&#8220;component&#8221;:&#8221;repeater_item&#8221;,&#8221;id&#8221;:&#8221;YI4Do&#8221;,&#8221;image_link&#8221;:&#8221;&#8221;,&#8221;title&#8221;:&#8221;Web&#8221;,&#8221;subtitle&#8221;:&#8221;dgs.tec.br&#8221;,&#8221;extra&#8221;:&#8221;&#8221;},{&#8220;component&#8221;:&#8221;repeater_item&#8221;,&#8221;id&#8221;:&#8221;3TXnW&#8221;,&#8221;image_link&#8221;:&#8221;&#8221;,&#8221;title&#8221;:&#8221;Email&#8221;,&#8221;subtitle&#8221;:&#8221;contato@dgs.tec.br&#8221;,&#8221;extra&#8221;:&#8221;&#8221;},{&#8220;component&#8221;:&#8221;repeater_item&#8221;,&#8221;id&#8221;:&#8221;d3hEG&#8221;,&#8221;image_link&#8221;:&#8221;&#8221;,&#8221;title&#8221;:&#8221;Fone&#8221;,&#8221;subtitle&#8221;:&#8221;(71) 3190-9710&#8243;,&#8221;extra&#8221;:&#8221;&#8221;}],&#8221;type&#8221;:&#8221;line&#8221;},{&#8220;component&#8221;:&#8221;hc_space&#8221;,&#8221;id&#8221;:&#8221;d5fUl&#8221;,&#8221;css_classes&#8221;:&#8221;&#8221;,&#8221;custom_css_classes&#8221;:&#8221;&#8221;,&#8221;custom_css_styles&#8221;:&#8221;&#8221;,&#8221;size&#8221;:&#8221;space-sm&#8221;,&#8221;height&#8221;:&#8221;&#8221;},{&#8220;component&#8221;:&#8221;hc_social_share_buttons&#8221;,&#8221;id&#8221;:&#8221;xoYjs&#8221;,&#8221;css_classes&#8221;:&#8221;&#8221;,&#8221;custom_css_classes&#8221;:&#8221;&#8221;,&#8221;custom_css_styles&#8221;:&#8221;&#8221;,&#8221;style&#8221;:&#8221;icon-links-button&#8221;,&#8221;size&#8221;:&#8221;&#8221;,&#8221;alignment&#8221;:&#8221;&#8221;,&#8221;type&#8221;:&#8221;link&#8221;,&#8221;social_colors&#8221;:true,&#8221;fb&#8221;:true,&#8221;fb_link&#8221;:&#8221;#&#8221;,&#8221;tw&#8221;:true,&#8221;tw_link&#8221;:&#8221;#&#8221;,&#8221;pi&#8221;:true,&#8221;pi_link&#8221;:&#8221;#&#8221;,&#8221;li&#8221;:true,&#8221;li_link&#8221;:&#8221;#&#8221;}]}],&#8221;section_settings&#8221;:&#8221;&#8221;},&#8221;scripts&#8221;:{&#8220;contact_form&#8221;:&#8221;contact-form\/contact-form.js&#8221;,&#8221;datepicker&#8221;:&#8221;contact-form\/datepicker.min.js&#8221;},&#8221;css&#8221;:{&#8220;contact_form&#8221;:&#8221;css\/contact-form.css&#8221;},&#8221;css_page&#8221;:&#8221;&#8221;,&#8221;template_setting&#8221;:{},&#8221;template_setting_top&#8221;:{},&#8221;page_setting&#8221;:{&#8220;settings&#8221;:[&#8220;lock-mode-off&#8221;]}}<\/p>\n","protected":false},"excerpt":{"rendered":"<p>{&#8220;main-title&#8221;:{&#8220;component&#8221;:&#8221;hc_title&#8221;,&#8221;id&#8221;:&#8221;main-title&#8221;,&#8221;title&#8221;:&#8221;&#8221;,&#8221;subtitle&#8221;:&#8221;&#8221;,&#8221;title_content&#8221;:{&#8220;component&#8221;:&#8221;hc_title_empty&#8221;,&#8221;id&#8221;:&#8221;title-empty&#8221;}},&#8221;section_5ZtkF&#8221;:{&#8220;component&#8221;:&#8221;hc_section&#8221;,&#8221;id&#8221;:&#8221;section_5ZtkF&#8221;,&#8221;section_width&#8221;:&#8221;&#8221;,&#8221;animation&#8221;:&#8221;&#8221;,&#8221;animation_time&#8221;:&#8221;&#8221;,&#8221;timeline_animation&#8221;:&#8221;&#8221;,&#8221;timeline_delay&#8221;:&#8221;&#8221;,&#8221;timeline_order&#8221;:&#8221;&#8221;,&#8221;vertical_row&#8221;:&#8221;&#8221;,&#8221;css_classes&#8221;:&#8221;&#8221;,&#8221;custom_css_classes&#8221;:&#8221;&#8221;,&#8221;custom_css_styles&#8221;:&#8221;&#8221;,&#8221;section_content&#8221;:[{&#8220;component&#8221;:&#8221;hc_column&#8221;,&#8221;id&#8221;:&#8221;column_2RpkL&#8221;,&#8221;column_width&#8221;:&#8221;col-md-12&#8243;,&#8221;animation&#8221;:&#8221;&#8221;,&#8221;animation_time&#8221;:&#8221;&#8221;,&#8221;timeline_animation&#8221;:&#8221;&#8221;,&#8221;timeline_delay&#8221;:&#8221;&#8221;,&#8221;timeline_order&#8221;:&#8221;&#8221;,&#8221;css_classes&#8221;:&#8221;&#8221;,&#8221;custom_css_classes&#8221;:&#8221;&#8221;,&#8221;custom_css_styles&#8221;:&#8221;&#8221;,&#8221;main_content&#8221;:[{&#8220;component&#8221;:&#8221;hc_space&#8221;,&#8221;id&#8221;:&#8221;OGChn&#8221;,&#8221;css_classes&#8221;:&#8221;&#8221;,&#8221;custom_css_classes&#8221;:&#8221;&#8221;,&#8221;custom_css_styles&#8221;:&#8221;&#8221;,&#8221;size&#8221;:&#8221;space-lg&#8221;,&#8221;height&#8221;:&#8221;&#8221;}]},{&#8220;component&#8221;:&#8221;hc_column&#8221;,&#8221;id&#8221;:&#8221;r1C2z&#8221;,&#8221;column_width&#8221;:&#8221;col-md-8&#8243;,&#8221;animation&#8221;:&#8221;&#8221;,&#8221;animation_time&#8221;:&#8221;&#8221;,&#8221;timeline_animation&#8221;:&#8221;&#8221;,&#8221;timeline_delay&#8221;:&#8221;&#8221;,&#8221;timeline_order&#8221;:&#8221;&#8221;,&#8221;css_classes&#8221;:&#8221;&#8221;,&#8221;custom_css_classes&#8221;:&#8221;&#8221;,&#8221;custom_css_styles&#8221;:&#8221;&#8221;,&#8221;main_content&#8221;:[{&#8220;component&#8221;:&#8221;hc_subtitle&#8221;,&#8221;id&#8221;:&#8221;kdADz&#8221;,&#8221;css_classes&#8221;:&#8221;&#8221;,&#8221;custom_css_classes&#8221;:&#8221;&#8221;,&#8221;custom_css_styles&#8221;:&#8221;&#8221;,&#8221;title&#8221;:&#8221;Envie sua d\u00favida&#8221;,&#8221;subtitle&#8221;:&#8221;Contato&#8221;,&#8221;alignment&#8221;:&#8221;&#8221;},{&#8220;component&#8221;:&#8221;hc_space&#8221;,&#8221;id&#8221;:&#8221;MeZgS&#8221;,&#8221;css_classes&#8221;:&#8221;hidden-md &#8220;,&#8221;custom_css_classes&#8221;:&#8221;&#8221;,&#8221;custom_css_styles&#8221;:&#8221;&#8221;,&#8221;size&#8221;:&#8221;space-xs&#8221;,&#8221;height&#8221;:&#8221;&#8221;},{&#8220;component&#8221;:&#8221;hc_contact_form&#8221;,&#8221;id&#8221;:&#8221;2KP9v&#8221;,&#8221;css_classes&#8221;:&#8221;&#8221;,&#8221;custom_css_classes&#8221;:&#8221;&#8221;,&#8221;custom_css_styles&#8221;:&#8221;&#8221;,&#8221;rows&#8221;:[{&#8220;component&#8221;:&#8221;repeater_item&#8221;,&#8221;id&#8221;:&#8221;VETNB&#8221;,&#8221;input_type&#8221;:&#8221;text&#8221;,&#8221;column&#8221;:&#8221;col-lg-6&#8243;,&#8221;required&#8221;:true,&#8221;text&#8221;:&#8221;Nome&#8221;},{&#8220;component&#8221;:&#8221;repeater_item&#8221;,&#8221;id&#8221;:&#8221;M33eq&#8221;,&#8221;input_type&#8221;:&#8221;email&#8221;,&#8221;column&#8221;:&#8221;col-lg-6&#8243;,&#8221;required&#8221;:true,&#8221;text&#8221;:&#8221;Email&#8221;},{&#8220;component&#8221;:&#8221;repeater_item&#8221;,&#8221;id&#8221;:&#8221;N1g5C&#8221;,&#8221;input_type&#8221;:&#8221;text&#8221;,&#8221;column&#8221;:&#8221;col-lg-12&#8243;,&#8221;required&#8221;:true,&#8221;text&#8221;:&#8221;Mensagem&#8221;},{&#8220;component&#8221;:&#8221;repeater_item&#8221;,&#8221;id&#8221;:&#8221;yorqF&#8221;,&#8221;input_type&#8221;:&#8221;text&#8221;,&#8221;column&#8221;:&#8221;col-lg-12&#8243;,&#8221;required&#8221;:false,&#8221;text&#8221;:&#8221;&#8221;}],&#8221;recipient_email&#8221;:&#8221;contato@dgs.tec.br&#8221;,&#8221;subject&#8221;:&#8221;Contato Site&#8221;,&#8221;label&#8221;:true,&#8221;placeholder&#8221;:false,&#8221;checkbox&#8221;:&#8221; Voc\u00ea aceita os termos de servi\u00e7o e a pol\u00edtica de privacidade&#8221;,&#8221;button_position&#8221;:&#8221;left&#8221;,&#8221;success_message&#8221;:&#8221; Parab\u00e9ns. Sua mensagem foi enviada com sucesso.&#8221;,&#8221;error_message&#8221;:&#8221;Erro, tente novamente. Sua mensagem n\u00e3o foi enviada.&#8221;,&#8221;button_text&#8221;:&#8221;ENVIAR&#8221;,&#8221;button_style&#8221;:&#8221;square&#8221;,&#8221;button_dimensions&#8221;:&#8221;btn-xs&#8221;,&#8221;button_animation&#8221;:true,&#8221;button_icon&#8221;:&#8221;&#8221;}]},{&#8220;component&#8221;:&#8221;hc_column&#8221;,&#8221;id&#8221;:&#8221;column_FADjl&#8221;,&#8221;column_width&#8221;:&#8221;col-md-4&#8243;,&#8221;animation&#8221;:&#8221;&#8221;,&#8221;animation_time&#8221;:&#8221;&#8221;,&#8221;timeline_animation&#8221;:&#8221;&#8221;,&#8221;timeline_delay&#8221;:&#8221;&#8221;,&#8221;timeline_order&#8221;:&#8221;&#8221;,&#8221;css_classes&#8221;:&#8221;&#8221;,&#8221;custom_css_classes&#8221;:&#8221;&#8221;,&#8221;custom_css_styles&#8221;:&#8221;&#8221;,&#8221;main_content&#8221;:[{&#8220;component&#8221;:&#8221;hc_space&#8221;,&#8221;id&#8221;:&#8221;M8kxU&#8221;,&#8221;css_classes&#8221;:&#8221;visible-md &#8220;,&#8221;custom_css_classes&#8221;:&#8221;&#8221;,&#8221;custom_css_styles&#8221;:&#8221;&#8221;,&#8221;size&#8221;:&#8221;space&#8221;,&#8221;height&#8221;:&#8221;&#8221;},{&#8220;component&#8221;:&#8221;hc_subtitle&#8221;,&#8221;id&#8221;:&#8221;e2WbG&#8221;,&#8221;css_classes&#8221;:&#8221;&#8221;,&#8221;custom_css_classes&#8221;:&#8221;&#8221;,&#8221;custom_css_styles&#8221;:&#8221;&#8221;,&#8221;title&#8221;:&#8221;Contatos&#8221;,&#8221;subtitle&#8221;:&#8221;Informa\u00e7\u00f5es&#8221;,&#8221;alignment&#8221;:&#8221;&#8221;},{&#8220;component&#8221;:&#8221;hc_text_block&#8221;,&#8221;id&#8221;:&#8221;TSyCX&#8221;,&#8221;css_classes&#8221;:&#8221;&#8221;,&#8221;custom_css_classes&#8221;:&#8221;&#8221;,&#8221;custom_css_styles&#8221;:&#8221;&#8221;,&#8221;content&#8221;:&#8221;Se preferir clique AQUI e fale diretamente pelo whatsapp.&#8221;},{&#8220;component&#8221;:&#8221;hc_text_list&#8221;,&#8221;id&#8221;:&#8221;ecncL&#8221;,&#8221;css_classes&#8221;:&#8221;&#8221;,&#8221;custom_css_classes&#8221;:&#8221;&#8221;,&#8221;custom_css_styles&#8221;:&#8221;&#8221;,&#8221;rows&#8221;:[{&#8220;component&#8221;:&#8221;repeater_item&#8221;,&#8221;id&#8221;:&#8221;r0oWX&#8221;,&#8221;image_link&#8221;:&#8221;&#8221;,&#8221;title&#8221;:&#8221;&#8221;,&#8221;subtitle&#8221;:&#8221;&#8221;,&#8221;extra&#8221;:&#8221;&#8221;},{&#8220;component&#8221;:&#8221;repeater_item&#8221;,&#8221;id&#8221;:&#8221;YI4Do&#8221;,&#8221;image_link&#8221;:&#8221;&#8221;,&#8221;title&#8221;:&#8221;Web&#8221;,&#8221;subtitle&#8221;:&#8221;dgs.tec.br&#8221;,&#8221;extra&#8221;:&#8221;&#8221;},{&#8220;component&#8221;:&#8221;repeater_item&#8221;,&#8221;id&#8221;:&#8221;3TXnW&#8221;,&#8221;image_link&#8221;:&#8221;&#8221;,&#8221;title&#8221;:&#8221;Email&#8221;,&#8221;subtitle&#8221;:&#8221;contato@dgs.tec.br&#8221;,&#8221;extra&#8221;:&#8221;&#8221;},{&#8220;component&#8221;:&#8221;repeater_item&#8221;,&#8221;id&#8221;:&#8221;d3hEG&#8221;,&#8221;image_link&#8221;:&#8221;&#8221;,&#8221;title&#8221;:&#8221;Fone&#8221;,&#8221;subtitle&#8221;:&#8221;(71) 3190-9710&#8243;,&#8221;extra&#8221;:&#8221;&#8221;}],&#8221;type&#8221;:&#8221;line&#8221;},{&#8220;component&#8221;:&#8221;hc_space&#8221;,&#8221;id&#8221;:&#8221;d5fUl&#8221;,&#8221;css_classes&#8221;:&#8221;&#8221;,&#8221;custom_css_classes&#8221;:&#8221;&#8221;,&#8221;custom_css_styles&#8221;:&#8221;&#8221;,&#8221;size&#8221;:&#8221;space-sm&#8221;,&#8221;height&#8221;:&#8221;&#8221;},{&#8220;component&#8221;:&#8221;hc_social_share_buttons&#8221;,&#8221;id&#8221;:&#8221;xoYjs&#8221;,&#8221;css_classes&#8221;:&#8221;&#8221;,&#8221;custom_css_classes&#8221;:&#8221;&#8221;,&#8221;custom_css_styles&#8221;:&#8221;&#8221;,&#8221;style&#8221;:&#8221;icon-links-button&#8221;,&#8221;size&#8221;:&#8221;&#8221;,&#8221;alignment&#8221;:&#8221;&#8221;,&#8221;type&#8221;:&#8221;link&#8221;,&#8221;social_colors&#8221;:true,&#8221;fb&#8221;:true,&#8221;fb_link&#8221;:&#8221;#&#8221;,&#8221;tw&#8221;:true,&#8221;tw_link&#8221;:&#8221;#&#8221;,&#8221;pi&#8221;:true,&#8221;pi_link&#8221;:&#8221;#&#8221;,&#8221;li&#8221;:true,&#8221;li_link&#8221;:&#8221;#&#8221;}]}],&#8221;section_settings&#8221;:&#8221;&#8221;},&#8221;scripts&#8221;:{&#8220;contact_form&#8221;:&#8221;contact-form\/contact-form.js&#8221;,&#8221;datepicker&#8221;:&#8221;contact-form\/datepicker.min.js&#8221;},&#8221;css&#8221;:{&#8220;contact_form&#8221;:&#8221;css\/contact-form.css&#8221;},&#8221;css_page&#8221;:&#8221;&#8221;,&#8221;template_setting&#8221;:{},&#8221;template_setting_top&#8221;:{},&#8221;page_setting&#8221;:{&#8220;settings&#8221;:[&#8220;lock-mode-off&#8221;]}}<\/p>\n","protected":false},"author":1,"featured_media":0,"parent":0,"menu_order":0,"comment_status":"closed","ping_status":"closed","template":"","meta":{"_monsterinsights_skip_tracking":false,"_monsterinsights_sitenote_active":false,"_monsterinsights_sitenote_note":"","_monsterinsights_sitenote_category":0,"footnotes":""},"aioseo_notices":[],"_links":{"self":[{"href":"https:\/\/dgs.tec.br\/index.php\/wp-json\/wp\/v2\/pages\/403"}],"collection":[{"href":"https:\/\/dgs.tec.br\/index.php\/wp-json\/wp\/v2\/pages"}],"about":[{"href":"https:\/\/dgs.tec.br\/index.php\/wp-json\/wp\/v2\/types\/page"}],"author":[{"embeddable":true,"href":"https:\/\/dgs.tec.br\/index.php\/wp-json\/wp\/v2\/users\/1"}],"replies":[{"embeddable":true,"href":"https:\/\/dgs.tec.br\/index.php\/wp-json\/wp\/v2\/comments?post=403"}],"version-history":[{"count":18,"href":"https:\/\/dgs.tec.br\/index.php\/wp-json\/wp\/v2\/pages\/403\/revisions"}],"predecessor-version":[{"id":1040221,"href":"https:\/\/dgs.tec.br\/index.php\/wp-json\/wp\/v2\/pages\/403\/revisions\/1040221"}],"wp:attachment":[{"href":"https:\/\/dgs.tec.br\/index.php\/wp-json\/wp\/v2\/media?parent=403"}],"curies":[{"name":"wp","href":"https:\/\/api.w.org\/{rel}","templated":true}]}}